{"id":16,"date":"2022-12-20T16:13:52","date_gmt":"2022-12-20T16:13:52","guid":{"rendered":"https:\/\/322aca2c-84ca-4a82-aa54-428e11c22756.eu02.conves.io\/?page_id=16"},"modified":"2023-02-28T13:01:55","modified_gmt":"2023-02-28T13:01:55","slug":"about","status":"publish","type":"page","link":"https:\/\/fams-project.eu\/fr\/about\/","title":{"rendered":"\u00c0 propos"},"content":{"rendered":"<div data-elementor-type=\"wp-page\" data-elementor-id=\"16\" class=\"elementor elementor-16\">\n\t\t\t\t\t\t<section class=\"elementor-section elementor-top-section elementor-element elementor-element-12056cd elementor-section-stretched elementor-section-boxed elementor-section-height-default elementor-section-height-default\" data-id=\"12056cd\" data-element_type=\"section\" data-e-type=\"section\" data-settings=\"{&quot;background_background&quot;:&quot;slideshow&quot;,&quot;stretch_section&quot;:&quot;section-stretched&quot;,&quot;background_slideshow_gallery&quot;:[],&quot;background_slideshow_loop&quot;:&quot;yes&quot;,&quot;background_slideshow_slide_duration&quot;:5000,&quot;background_slideshow_slide_transition&quot;:&quot;fade&quot;,&quot;background_slideshow_transition_duration&quot;:500}\">\n\t\t\t\t\t\t\t<div class=\"elementor-background-overlay\"><\/div>\n\t\t\t\t\t\t\t<div class=\"elementor-container elementor-column-gap-default\">\n\t\t\t\t\t<div class=\"elementor-column elementor-col-100 elementor-top-column elementor-element elementor-element-20283a4\" data-id=\"20283a4\" data-element_type=\"column\" data-e-type=\"column\">\n\t\t\t<div class=\"elementor-widget-wrap elementor-element-populated\">\n\t\t\t\t\t\t<div class=\"elementor-element elementor-element-d1e4826 elementor-widget elementor-widget-spacer\" data-id=\"d1e4826\" data-element_type=\"widget\" data-e-type=\"widget\" data-widget_type=\"spacer.default\">\n\t\t\t\t<div class=\"elementor-widget-container\">\n\t\t\t\t\t\t\t<div class=\"elementor-spacer\">\n\t\t\t<div class=\"elementor-spacer-inner\"><\/div>\n\t\t<\/div>\n\t\t\t\t\t\t<\/div>\n\t\t\t\t<\/div>\n\t\t\t\t\t<\/div>\n\t\t<\/div>\n\t\t\t\t\t<\/div>\n\t\t<\/section>\n\t\t\t\t<section class=\"elementor-section elementor-top-section elementor-element elementor-element-caa2511 elementor-section-stretched elementor-section-boxed elementor-section-height-default elementor-section-height-default\" data-id=\"caa2511\" data-element_type=\"section\" data-e-type=\"section\" data-settings=\"{&quot;stretch_section&quot;:&quot;section-stretched&quot;,&quot;background_background&quot;:&quot;classic&quot;}\">\n\t\t\t\t\t\t<div class=\"elementor-container elementor-column-gap-default\">\n\t\t\t\t\t<div class=\"elementor-column elementor-col-100 elementor-top-column elementor-element elementor-element-712b6a0\" data-id=\"712b6a0\" data-element_type=\"column\" data-e-type=\"column\">\n\t\t\t<div class=\"elementor-widget-wrap elementor-element-populated\">\n\t\t\t\t\t\t<div class=\"elementor-element elementor-element-30eda71 elementor-widget elementor-widget-spacer\" data-id=\"30eda71\" data-element_type=\"widget\" data-e-type=\"widget\" data-widget_type=\"spacer.default\">\n\t\t\t\t<div class=\"elementor-widget-container\">\n\t\t\t\t\t\t\t<div class=\"elementor-spacer\">\n\t\t\t<div class=\"elementor-spacer-inner\"><\/div>\n\t\t<\/div>\n\t\t\t\t\t\t<\/div>\n\t\t\t\t<\/div>\n\t\t\t\t\t<\/div>\n\t\t<\/div>\n\t\t\t\t\t<\/div>\n\t\t<\/section>\n\t\t\t\t<section class=\"elementor-section elementor-top-section elementor-element elementor-element-25f4b3a elementor-section-stretched elementor-section-boxed elementor-section-height-default elementor-section-height-default\" data-id=\"25f4b3a\" data-element_type=\"section\" data-e-type=\"section\" data-settings=\"{&quot;stretch_section&quot;:&quot;section-stretched&quot;}\">\n\t\t\t\t\t\t<div class=\"elementor-container elementor-column-gap-default\">\n\t\t\t\t\t<div class=\"elementor-column elementor-col-100 elementor-top-column elementor-element elementor-element-4481774\" data-id=\"4481774\" data-element_type=\"column\" data-e-type=\"column\">\n\t\t\t<div class=\"elementor-widget-wrap elementor-element-populated\">\n\t\t\t\t\t\t<div class=\"elementor-element elementor-element-df97628 elementor-widget elementor-widget-text-editor\" data-id=\"df97628\" data-element_type=\"widget\" data-e-type=\"widget\" data-widget_type=\"text-editor.default\">\n\t\t\t\t<div class=\"elementor-widget-container\">\n\t\t\t\t\t\t\t\t\t<p>Dans l&#039;UE, les hommes font plus d&#039;exercice, de sport ou d&#039;autres activit\u00e9s physiques que les femmes. Les m\u00eames in\u00e9galit\u00e9s existent dans le nombre de femmes entra\u00eeneures ou formatrices, et dans le nombre de femmes occupant des postes de direction au sein de clubs ou d&#039;organisations sportives. L&#039;un des principaux obstacles emp\u00eachant les femmes en g\u00e9n\u00e9ral de participer \u00e0 une activit\u00e9 physique est le manque de services de garde d&#039;enfants disponibles et le co\u00fbt \u00e9lev\u00e9 de la garde d&#039;enfants.<\/p><p>FAMS vise \u00e0 \u00e9quilibrer la sous-repr\u00e9sentation des femmes et des m\u00e8res dans le sport, poursuivant ainsi la promotion de l&#039;employabilit\u00e9 par le sport et l&#039;encouragement de l&#039;inclusion sociale et de l&#039;\u00e9galit\u00e9 des chances dans le sport. En particulier, FAMS vise \u00e0 favoriser l&#039;\u00e9galit\u00e9 des sexes dans l&#039;entra\u00eenement et l&#039;enseignement sportifs et \u00e0 atteindre une repr\u00e9sentation \u00e9gale et une sensibilit\u00e9 au genre dans la prise de d\u00e9cision. Malgr\u00e9 certains progr\u00e8s, des \u00e9carts subsistent en termes d&#039;\u00e9galit\u00e9 des chances dans certains domaines du sport.<\/p><p>Dans ce cadre, FAMS vise \u00e0 r\u00e9soudre les probl\u00e8mes mentionn\u00e9s ci-dessus ainsi qu&#039;\u00e0 fournir des solutions concr\u00e8tes et efficaces pour soutenir l&#039;\u00e9quilibre travail-vie des m\u00e8res et pr\u00e9venir l&#039;abandon du sport par les femmes.<\/p>\t\t\t\t\t\t\t\t<\/div>\n\t\t\t\t<\/div>\n\t\t\t\t\t<\/div>\n\t\t<\/div>\n\t\t\t\t\t<\/div>\n\t\t<\/section>\n\t\t\t\t<section class=\"elementor-section elementor-top-section elementor-element elementor-element-b5e4acf elementor-section-stretched elementor-section-boxed elementor-section-height-default elementor-section-height-default\" data-id=\"b5e4acf\" data-element_type=\"section\" data-e-type=\"section\" data-settings=\"{&quot;stretch_section&quot;:&quot;section-stretched&quot;,&quot;background_background&quot;:&quot;classic&quot;}\">\n\t\t\t\t\t\t<div class=\"elementor-container elementor-column-gap-default\">\n\t\t\t\t\t<div class=\"elementor-column elementor-col-100 elementor-top-column elementor-element elementor-element-a95be8e\" data-id=\"a95be8e\" data-element_type=\"column\" data-e-type=\"column\">\n\t\t\t<div class=\"elementor-widget-wrap elementor-element-populated\">\n\t\t\t\t\t\t<div class=\"elementor-element elementor-element-3aa1f61 elementor-widget elementor-widget-spacer\" data-id=\"3aa1f61\" data-element_type=\"widget\" data-e-type=\"widget\" data-widget_type=\"spacer.default\">\n\t\t\t\t<div class=\"elementor-widget-container\">\n\t\t\t\t\t\t\t<div class=\"elementor-spacer\">\n\t\t\t<div class=\"elementor-spacer-inner\"><\/div>\n\t\t<\/div>\n\t\t\t\t\t\t<\/div>\n\t\t\t\t<\/div>\n\t\t\t\t\t<\/div>\n\t\t<\/div>\n\t\t\t\t\t<\/div>\n\t\t<\/section>\n\t\t\t\t<\/div>","protected":false},"excerpt":{"rendered":"<p>In the EU, men exercise, play sport or engage in other physical activity more than women. The same\u00a0inequalities exist in the number of women who are coaches or trainers, and in the number of women\u00a0having leadership positions within sport club or organisations. One of the most important barriers\u00a0preventing women in general from participating in physical &#8230; <a title=\"\u00c0 propos\" class=\"read-more\" href=\"https:\/\/fams-project.eu\/fr\/about\/\" aria-label=\"Read more about About\">Read more<\/a><\/p>","protected":false},"author":1,"featured_media":0,"parent":0,"menu_order":0,"comment_status":"closed","ping_status":"closed","template":"elementor_header_footer","meta":{"footnotes":""},"class_list":["post-16","page","type-page","status-publish"],"_links":{"self":[{"href":"https:\/\/fams-project.eu\/fr\/wp-json\/wp\/v2\/pages\/16","targetHints":{"allow":["GET"]}}],"collection":[{"href":"https:\/\/fams-project.eu\/fr\/wp-json\/wp\/v2\/pages"}],"about":[{"href":"https:\/\/fams-project.eu\/fr\/wp-json\/wp\/v2\/types\/page"}],"author":[{"embeddable":true,"href":"https:\/\/fams-project.eu\/fr\/wp-json\/wp\/v2\/users\/1"}],"replies":[{"embeddable":true,"href":"https:\/\/fams-project.eu\/fr\/wp-json\/wp\/v2\/comments?post=16"}],"version-history":[{"count":43,"href":"https:\/\/fams-project.eu\/fr\/wp-json\/wp\/v2\/pages\/16\/revisions"}],"predecessor-version":[{"id":345,"href":"https:\/\/fams-project.eu\/fr\/wp-json\/wp\/v2\/pages\/16\/revisions\/345"}],"wp:attachment":[{"href":"https:\/\/fams-project.eu\/fr\/wp-json\/wp\/v2\/media?parent=16"}],"curies":[{"name":"wp","href":"https:\/\/api.w.org\/{rel}","templated":true}]}}