{"id":11,"date":"2022-12-20T16:07:17","date_gmt":"2022-12-20T16:07:17","guid":{"rendered":"https:\/\/322aca2c-84ca-4a82-aa54-428e11c22756.eu02.conves.io\/?page_id=11"},"modified":"2025-01-26T16:07:54","modified_gmt":"2025-01-26T16:07:54","slug":"home","status":"publish","type":"page","link":"https:\/\/fams-project.eu\/hr\/","title":{"rendered":"Dom"},"content":{"rendered":"<div data-elementor-type=\"wp-page\" data-elementor-id=\"11\" class=\"elementor elementor-11\">\n\t\t\t\t\t\t<section class=\"elementor-section elementor-top-section elementor-element elementor-element-3e2d4fd elementor-section-stretched elementor-section-boxed elementor-section-height-default elementor-section-height-default\" data-id=\"3e2d4fd\" data-element_type=\"section\" data-e-type=\"section\" data-settings=\"{&quot;background_background&quot;:&quot;classic&quot;,&quot;stretch_section&quot;:&quot;section-stretched&quot;}\">\n\t\t\t\t\t\t<div class=\"elementor-container elementor-column-gap-default\">\n\t\t\t\t\t<div class=\"elementor-column elementor-col-100 elementor-top-column elementor-element elementor-element-070b613\" data-id=\"070b613\" data-element_type=\"column\" data-e-type=\"column\">\n\t\t\t<div class=\"elementor-widget-wrap elementor-element-populated\">\n\t\t\t\t\t\t<div class=\"elementor-element elementor-element-de0e55b elementor-widget elementor-widget-spacer\" data-id=\"de0e55b\" data-element_type=\"widget\" data-e-type=\"widget\" data-widget_type=\"spacer.default\">\n\t\t\t\t<div class=\"elementor-widget-container\">\n\t\t\t\t\t\t\t<div class=\"elementor-spacer\">\n\t\t\t<div class=\"elementor-spacer-inner\"><\/div>\n\t\t<\/div>\n\t\t\t\t\t\t<\/div>\n\t\t\t\t<\/div>\n\t\t\t\t<div class=\"elementor-element elementor-element-0532f11 elementor-widget elementor-widget-heading\" data-id=\"0532f11\" data-element_type=\"widget\" data-e-type=\"widget\" data-widget_type=\"heading.default\">\n\t\t\t\t<div class=\"elementor-widget-container\">\n\t\t\t\t\t<h2 class=\"elementor-heading-title elementor-size-default\">FAMS: Poticanje voditeljica \u017eenskog menad\u017ementa u sportu<\/h2>\t\t\t\t<\/div>\n\t\t\t\t<\/div>\n\t\t\t\t<div class=\"elementor-element elementor-element-cfdd0f6 elementor-widget elementor-widget-spacer\" data-id=\"cfdd0f6\" data-element_type=\"widget\" data-e-type=\"widget\" data-widget_type=\"spacer.default\">\n\t\t\t\t<div class=\"elementor-widget-container\">\n\t\t\t\t\t\t\t<div class=\"elementor-spacer\">\n\t\t\t<div class=\"elementor-spacer-inner\"><\/div>\n\t\t<\/div>\n\t\t\t\t\t\t<\/div>\n\t\t\t\t<\/div>\n\t\t\t\t\t<\/div>\n\t\t<\/div>\n\t\t\t\t\t<\/div>\n\t\t<\/section>\n\t\t\t\t<section class=\"elementor-section elementor-top-section elementor-element elementor-element-c7dfe95 elementor-section-stretched elementor-section-boxed elementor-section-height-default elementor-section-height-default\" data-id=\"c7dfe95\" data-element_type=\"section\" data-e-type=\"section\" data-settings=\"{&quot;background_background&quot;:&quot;classic&quot;,&quot;stretch_section&quot;:&quot;section-stretched&quot;}\">\n\t\t\t\t\t\t<div class=\"elementor-container elementor-column-gap-default\">\n\t\t\t\t\t<div class=\"elementor-column elementor-col-100 elementor-top-column elementor-element elementor-element-84c6d5f\" data-id=\"84c6d5f\" data-element_type=\"column\" data-e-type=\"column\">\n\t\t\t<div class=\"elementor-widget-wrap elementor-element-populated\">\n\t\t\t\t\t\t<div class=\"elementor-element elementor-element-25d50c1 elementor-widget elementor-widget-text-editor\" data-id=\"25d50c1\" data-element_type=\"widget\" data-e-type=\"widget\" data-widget_type=\"text-editor.default\">\n\t\t\t\t<div class=\"elementor-widget-container\">\n\t\t\t\t\t\t\t\t\t<p><strong>FAMS ima za cilj uravnote\u017eiti podzastupljenost \u017eena i majki u sportu, nastoje\u0107i tako promicati zapo\u0161ljivost kroz sport i poticati dru\u0161tvenu uklju\u010denost i jednake mogu\u0107nosti u sportu. Konkretno, FAMS ima za cilj poticanje ravnopravnosti spolova u sportskom treniranju i podu\u010davanju te postizanje jednake zastupljenosti i rodne osjetljivosti u dono\u0161enju odluka.<\/strong><\/p>\t\t\t\t\t\t\t\t<\/div>\n\t\t\t\t<\/div>\n\t\t\t\t\t<\/div>\n\t\t<\/div>\n\t\t\t\t\t<\/div>\n\t\t<\/section>\n\t\t\t\t<section class=\"elementor-section elementor-top-section elementor-element elementor-element-084662c elementor-section-stretched elementor-section-boxed elementor-section-height-default elementor-section-height-default\" data-id=\"084662c\" data-element_type=\"section\" data-e-type=\"section\" data-settings=\"{&quot;stretch_section&quot;:&quot;section-stretched&quot;,&quot;background_background&quot;:&quot;classic&quot;}\">\n\t\t\t\t\t\t<div class=\"elementor-container elementor-column-gap-default\">\n\t\t\t\t\t<div class=\"elementor-column elementor-col-100 elementor-top-column elementor-element elementor-element-74d93af\" data-id=\"74d93af\" data-element_type=\"column\" data-e-type=\"column\">\n\t\t\t<div class=\"elementor-widget-wrap elementor-element-populated\">\n\t\t\t\t\t\t<div class=\"elementor-element elementor-element-494ac0f elementor-widget elementor-widget-image\" data-id=\"494ac0f\" data-element_type=\"widget\" data-e-type=\"widget\" data-widget_type=\"image.default\">\n\t\t\t\t<div class=\"elementor-widget-container\">\n\t\t\t\t\t\t\t\t\t\t\t\t\t\t\t<img decoding=\"async\" src=\"https:\/\/fams-project.eu\/wp-content\/uploads\/elementor\/thumbs\/cropped-FAMS-LOGO-1-rbz5pfvc9fraqpiej413nc4ylza9ntszvuqpfd22ew.png\" title=\"cropped-FAMS-LOGO-1.png\" alt=\"cropped-FAMS-LOGO-1.png\" loading=\"lazy\" \/>\t\t\t\t\t\t\t\t\t\t\t\t\t\t\t<\/div>\n\t\t\t\t<\/div>\n\t\t\t\t\t<\/div>\n\t\t<\/div>\n\t\t\t\t\t<\/div>\n\t\t<\/section>\n\t\t\t\t<section class=\"elementor-section elementor-top-section elementor-element elementor-element-83ba511 elementor-section-stretched elementor-section-boxed elementor-section-height-default elementor-section-height-default\" data-id=\"83ba511\" data-element_type=\"section\" data-e-type=\"section\" data-settings=\"{&quot;background_background&quot;:&quot;classic&quot;,&quot;stretch_section&quot;:&quot;section-stretched&quot;}\">\n\t\t\t\t\t\t<div class=\"elementor-container elementor-column-gap-default\">\n\t\t\t\t\t<div class=\"elementor-column elementor-col-100 elementor-top-column elementor-element elementor-element-6b03424\" data-id=\"6b03424\" data-element_type=\"column\" data-e-type=\"column\">\n\t\t\t<div class=\"elementor-widget-wrap elementor-element-populated\">\n\t\t\t\t\t\t<div class=\"elementor-element elementor-element-ae031d1 elementor-widget elementor-widget-heading\" data-id=\"ae031d1\" data-element_type=\"widget\" data-e-type=\"widget\" data-widget_type=\"heading.default\">\n\t\t\t\t<div class=\"elementor-widget-container\">\n\t\t\t\t\t<h3 class=\"elementor-heading-title elementor-size-default\"><a href=\"https:\/\/fams-project.eu\/hr\/partners\/\">Projektni partneri<\/a><\/h3>\t\t\t\t<\/div>\n\t\t\t\t<\/div>\n\t\t\t\t\t<\/div>\n\t\t<\/div>\n\t\t\t\t\t<\/div>\n\t\t<\/section>\n\t\t\t\t<section class=\"elementor-section elementor-top-section elementor-element elementor-element-905cde0 elementor-section-stretched elementor-section-boxed elementor-section-height-default elementor-section-height-default\" data-id=\"905cde0\" data-element_type=\"section\" data-e-type=\"section\" data-settings=\"{&quot;stretch_section&quot;:&quot;section-stretched&quot;,&quot;background_background&quot;:&quot;classic&quot;}\">\n\t\t\t\t\t\t<div class=\"elementor-container elementor-column-gap-default\">\n\t\t\t\t\t<div class=\"elementor-column elementor-col-33 elementor-top-column elementor-element elementor-element-c93eb6c\" data-id=\"c93eb6c\" data-element_type=\"column\" data-e-type=\"column\">\n\t\t\t<div class=\"elementor-widget-wrap elementor-element-populated\">\n\t\t\t\t\t\t<div class=\"elementor-element elementor-element-a26223a elementor-widget elementor-widget-image\" data-id=\"a26223a\" data-element_type=\"widget\" data-e-type=\"widget\" data-widget_type=\"image.default\">\n\t\t\t\t<div class=\"elementor-widget-container\">\n\t\t\t\t\t\t\t\t\t\t\t\t\t\t\t\t<a href=\"https:\/\/asociatiasepoate.ro\/\">\n\t\t\t\t\t\t\t<img decoding=\"async\" src=\"https:\/\/fams-project.eu\/wp-content\/uploads\/elementor\/thumbs\/SE-POATE-logo-e1671644383259-rbz5pfv7zy0x0vmwr2cxb9upqzfywgichjo9ydfqe4.png\" title=\"SE POATE logo\" alt=\"SE POATE logo\" loading=\"lazy\" \/>\t\t\t\t\t\t\t\t<\/a>\n\t\t\t\t\t\t\t\t\t\t\t\t\t\t\t<\/div>\n\t\t\t\t<\/div>\n\t\t\t\t\t<\/div>\n\t\t<\/div>\n\t\t\t\t<div class=\"elementor-column elementor-col-33 elementor-top-column elementor-element elementor-element-d42a957\" data-id=\"d42a957\" data-element_type=\"column\" data-e-type=\"column\">\n\t\t\t<div class=\"elementor-widget-wrap elementor-element-populated\">\n\t\t\t\t\t\t<div class=\"elementor-element elementor-element-8400da6 elementor-widget elementor-widget-image\" data-id=\"8400da6\" data-element_type=\"widget\" data-e-type=\"widget\" data-widget_type=\"image.default\">\n\t\t\t\t<div class=\"elementor-widget-container\">\n\t\t\t\t\t\t\t\t\t\t\t\t\t\t\t\t<a href=\"https:\/\/minevaganti.org\/\">\n\t\t\t\t\t\t\t<img decoding=\"async\" src=\"https:\/\/fams-project.eu\/wp-content\/uploads\/elementor\/thumbs\/MVNGO-logo-rbz5pfv7zy0x0vmwr2cxb9upqzfywgichjo9ydfqe4.png\" title=\"MVNGO logo\" alt=\"MVNGO logo\" loading=\"lazy\" \/>\t\t\t\t\t\t\t\t<\/a>\n\t\t\t\t\t\t\t\t\t\t\t\t\t\t\t<\/div>\n\t\t\t\t<\/div>\n\t\t\t\t\t<\/div>\n\t\t<\/div>\n\t\t\t\t<div class=\"elementor-column elementor-col-33 elementor-top-column elementor-element elementor-element-1277e4c\" data-id=\"1277e4c\" data-element_type=\"column\" data-e-type=\"column\">\n\t\t\t<div class=\"elementor-widget-wrap elementor-element-populated\">\n\t\t\t\t\t\t<div class=\"elementor-element elementor-element-a77649f elementor-widget elementor-widget-image\" data-id=\"a77649f\" data-element_type=\"widget\" data-e-type=\"widget\" data-widget_type=\"image.default\">\n\t\t\t\t<div class=\"elementor-widget-container\">\n\t\t\t\t\t\t\t\t\t\t\t\t\t\t\t\t<a href=\"https:\/\/rss.hr\/\">\n\t\t\t\t\t\t\t<img decoding=\"async\" width=\"150\" height=\"150\" src=\"https:\/\/fams-project.eu\/wp-content\/uploads\/2022\/12\/rss5-1-150x150.png\" class=\"attachment-thumbnail size-thumbnail wp-image-199\" alt=\"\" \/>\t\t\t\t\t\t\t\t<\/a>\n\t\t\t\t\t\t\t\t\t\t\t\t\t\t\t<\/div>\n\t\t\t\t<\/div>\n\t\t\t\t\t<\/div>\n\t\t<\/div>\n\t\t\t\t\t<\/div>\n\t\t<\/section>\n\t\t\t\t<section class=\"elementor-section elementor-top-section elementor-element elementor-element-dada19e elementor-section-boxed elementor-section-height-default elementor-section-height-default\" data-id=\"dada19e\" data-element_type=\"section\" data-e-type=\"section\" data-settings=\"{&quot;background_background&quot;:&quot;classic&quot;}\">\n\t\t\t\t\t\t<div class=\"elementor-container elementor-column-gap-default\">\n\t\t\t\t\t<div class=\"elementor-column elementor-col-25 elementor-top-column elementor-element elementor-element-a5418ad\" data-id=\"a5418ad\" data-element_type=\"column\" data-e-type=\"column\">\n\t\t\t<div class=\"elementor-widget-wrap elementor-element-populated\">\n\t\t\t\t\t\t<div class=\"elementor-element elementor-element-3fe6006 elementor-widget elementor-widget-image\" data-id=\"3fe6006\" data-element_type=\"widget\" data-e-type=\"widget\" data-widget_type=\"image.default\">\n\t\t\t\t<div class=\"elementor-widget-container\">\n\t\t\t\t\t\t\t\t\t\t\t\t\t\t\t\t<a href=\"https:\/\/epsi.eu\/\">\n\t\t\t\t\t\t\t<img decoding=\"async\" width=\"150\" height=\"150\" src=\"https:\/\/fams-project.eu\/wp-content\/uploads\/2023\/02\/EPSI_Logo-21-150x150.png\" class=\"attachment-thumbnail size-thumbnail wp-image-233\" alt=\"EPSI Logo\" \/>\t\t\t\t\t\t\t\t<\/a>\n\t\t\t\t\t\t\t\t\t\t\t\t\t\t\t<\/div>\n\t\t\t\t<\/div>\n\t\t\t\t\t<\/div>\n\t\t<\/div>\n\t\t\t\t<div class=\"elementor-column elementor-col-25 elementor-top-column elementor-element elementor-element-b29a440\" data-id=\"b29a440\" data-element_type=\"column\" data-e-type=\"column\">\n\t\t\t<div class=\"elementor-widget-wrap elementor-element-populated\">\n\t\t\t\t\t\t<div class=\"elementor-element elementor-element-27b31e9 elementor-widget elementor-widget-image\" data-id=\"27b31e9\" data-element_type=\"widget\" data-e-type=\"widget\" data-widget_type=\"image.default\">\n\t\t\t\t<div class=\"elementor-widget-container\">\n\t\t\t\t\t\t\t\t\t\t\t\t\t\t\t\t<a href=\"https:\/\/www.unionnikolatesla.edu.rs\">\n\t\t\t\t\t\t\t<img decoding=\"async\" width=\"150\" height=\"150\" src=\"https:\/\/fams-project.eu\/wp-content\/uploads\/2022\/12\/Univerzitet-Union-Nikola-Tesla-logo-150x150.jpg\" class=\"attachment-thumbnail size-thumbnail wp-image-200\" alt=\"\" srcset=\"https:\/\/fams-project.eu\/wp-content\/uploads\/2022\/12\/Univerzitet-Union-Nikola-Tesla-logo-150x150.jpg 150w, https:\/\/fams-project.eu\/wp-content\/uploads\/2022\/12\/Univerzitet-Union-Nikola-Tesla-logo.jpg 294w\" sizes=\"(max-width: 150px) 100vw, 150px\" \/>\t\t\t\t\t\t\t\t<\/a>\n\t\t\t\t\t\t\t\t\t\t\t\t\t\t\t<\/div>\n\t\t\t\t<\/div>\n\t\t\t\t\t<\/div>\n\t\t<\/div>\n\t\t\t\t<div class=\"elementor-column elementor-col-25 elementor-top-column elementor-element elementor-element-7231bed\" data-id=\"7231bed\" data-element_type=\"column\" data-e-type=\"column\">\n\t\t\t<div class=\"elementor-widget-wrap elementor-element-populated\">\n\t\t\t\t\t\t<div class=\"elementor-element elementor-element-1560154 elementor-widget elementor-widget-image\" data-id=\"1560154\" data-element_type=\"widget\" data-e-type=\"widget\" data-widget_type=\"image.default\">\n\t\t\t\t<div class=\"elementor-widget-container\">\n\t\t\t\t\t\t\t\t\t\t\t\t\t\t\t\t<a href=\"https:\/\/www.unefs.ro\/\">\n\t\t\t\t\t\t\t<img loading=\"lazy\" decoding=\"async\" width=\"150\" height=\"150\" src=\"https:\/\/fams-project.eu\/wp-content\/uploads\/2022\/12\/UNEFS-logo-150x150.png\" class=\"attachment-thumbnail size-thumbnail wp-image-80\" alt=\"\" srcset=\"https:\/\/fams-project.eu\/wp-content\/uploads\/2022\/12\/UNEFS-logo-150x150.png 150w, https:\/\/fams-project.eu\/wp-content\/uploads\/2022\/12\/UNEFS-logo-300x300.png 300w, https:\/\/fams-project.eu\/wp-content\/uploads\/2022\/12\/UNEFS-logo.png 512w\" sizes=\"(max-width: 150px) 100vw, 150px\" \/>\t\t\t\t\t\t\t\t<\/a>\n\t\t\t\t\t\t\t\t\t\t\t\t\t\t\t<\/div>\n\t\t\t\t<\/div>\n\t\t\t\t\t<\/div>\n\t\t<\/div>\n\t\t\t\t<div class=\"elementor-column elementor-col-25 elementor-top-column elementor-element elementor-element-bbc15cd\" data-id=\"bbc15cd\" data-element_type=\"column\" data-e-type=\"column\">\n\t\t\t<div class=\"elementor-widget-wrap elementor-element-populated\">\n\t\t\t\t\t\t<div class=\"elementor-element elementor-element-b6116c2 elementor-widget elementor-widget-image\" data-id=\"b6116c2\" data-element_type=\"widget\" data-e-type=\"widget\" data-widget_type=\"image.default\">\n\t\t\t\t<div class=\"elementor-widget-container\">\n\t\t\t\t\t\t\t\t\t\t\t\t\t\t\t\t<a href=\"https:\/\/mundusbulgaria.com\/\">\n\t\t\t\t\t\t\t<img loading=\"lazy\" decoding=\"async\" width=\"150\" height=\"150\" src=\"https:\/\/fams-project.eu\/wp-content\/uploads\/2022\/12\/MUNDUS-BULGARIA-logo-150x150.png\" class=\"attachment-thumbnail size-thumbnail wp-image-77\" alt=\"\" \/>\t\t\t\t\t\t\t\t<\/a>\n\t\t\t\t\t\t\t\t\t\t\t\t\t\t\t<\/div>\n\t\t\t\t<\/div>\n\t\t\t\t\t<\/div>\n\t\t<\/div>\n\t\t\t\t\t<\/div>\n\t\t<\/section>\n\t\t\t\t<section class=\"elementor-section elementor-top-section elementor-element elementor-element-4c4c845 elementor-section-stretched elementor-section-boxed elementor-section-height-default elementor-section-height-default\" data-id=\"4c4c845\" data-element_type=\"section\" data-e-type=\"section\" data-settings=\"{&quot;background_background&quot;:&quot;classic&quot;,&quot;stretch_section&quot;:&quot;section-stretched&quot;}\">\n\t\t\t\t\t\t<div class=\"elementor-container elementor-column-gap-default\">\n\t\t\t\t\t<div class=\"elementor-column elementor-col-100 elementor-top-column elementor-element elementor-element-e5bb814\" data-id=\"e5bb814\" data-element_type=\"column\" data-e-type=\"column\">\n\t\t\t<div class=\"elementor-widget-wrap\">\n\t\t\t\t\t\t\t<\/div>\n\t\t<\/div>\n\t\t\t\t\t<\/div>\n\t\t<\/section>\n\t\t\t\t<section class=\"elementor-section elementor-top-section elementor-element elementor-element-0c21c0d elementor-section-boxed elementor-section-height-default elementor-section-height-default\" data-id=\"0c21c0d\" data-element_type=\"section\" data-e-type=\"section\">\n\t\t\t\t\t\t<div class=\"elementor-container elementor-column-gap-default\">\n\t\t\t\t\t<div class=\"elementor-column elementor-col-50 elementor-top-column elementor-element elementor-element-8622ff4\" data-id=\"8622ff4\" data-element_type=\"column\" data-e-type=\"column\">\n\t\t\t<div class=\"elementor-widget-wrap elementor-element-populated\">\n\t\t\t\t\t\t<div class=\"elementor-element elementor-element-bb2392d elementor-widget elementor-widget-image\" data-id=\"bb2392d\" data-element_type=\"widget\" data-e-type=\"widget\" data-widget_type=\"image.default\">\n\t\t\t\t<div class=\"elementor-widget-container\">\n\t\t\t\t\t\t\t\t\t\t\t\t\t\t\t<img loading=\"lazy\" decoding=\"async\" width=\"1024\" height=\"1024\" src=\"https:\/\/fams-project.eu\/wp-content\/uploads\/2025\/01\/In-English-original-version-1024x1024.png\" class=\"attachment-large size-large wp-image-459\" alt=\"\" srcset=\"https:\/\/fams-project.eu\/wp-content\/uploads\/2025\/01\/In-English-original-version-1024x1024.png 1024w, https:\/\/fams-project.eu\/wp-content\/uploads\/2025\/01\/In-English-original-version-300x300.png 300w, https:\/\/fams-project.eu\/wp-content\/uploads\/2025\/01\/In-English-original-version-150x150.png 150w, https:\/\/fams-project.eu\/wp-content\/uploads\/2025\/01\/In-English-original-version-768x768.png 768w, https:\/\/fams-project.eu\/wp-content\/uploads\/2025\/01\/In-English-original-version-12x12.png 12w, https:\/\/fams-project.eu\/wp-content\/uploads\/2025\/01\/In-English-original-version.png 1080w\" sizes=\"(max-width: 1024px) 100vw, 1024px\" \/>\t\t\t\t\t\t\t\t\t\t\t\t\t\t\t<\/div>\n\t\t\t\t<\/div>\n\t\t\t\t\t<\/div>\n\t\t<\/div>\n\t\t\t\t<div class=\"elementor-column elementor-col-50 elementor-top-column elementor-element elementor-element-643633a\" data-id=\"643633a\" data-element_type=\"column\" data-e-type=\"column\">\n\t\t\t<div class=\"elementor-widget-wrap elementor-element-populated\">\n\t\t\t\t\t\t<div class=\"elementor-element elementor-element-3affc4e elementor-widget elementor-widget-image\" data-id=\"3affc4e\" data-element_type=\"widget\" data-e-type=\"widget\" data-widget_type=\"image.default\">\n\t\t\t\t<div class=\"elementor-widget-container\">\n\t\t\t\t\t\t\t\t\t\t\t\t\t\t\t<img loading=\"lazy\" decoding=\"async\" width=\"1024\" height=\"1024\" src=\"https:\/\/fams-project.eu\/wp-content\/uploads\/2025\/01\/In-English-original-version-1-1024x1024.png\" class=\"attachment-large size-large wp-image-460\" alt=\"\" srcset=\"https:\/\/fams-project.eu\/wp-content\/uploads\/2025\/01\/In-English-original-version-1-1024x1024.png 1024w, https:\/\/fams-project.eu\/wp-content\/uploads\/2025\/01\/In-English-original-version-1-300x300.png 300w, https:\/\/fams-project.eu\/wp-content\/uploads\/2025\/01\/In-English-original-version-1-150x150.png 150w, https:\/\/fams-project.eu\/wp-content\/uploads\/2025\/01\/In-English-original-version-1-768x768.png 768w, https:\/\/fams-project.eu\/wp-content\/uploads\/2025\/01\/In-English-original-version-1-12x12.png 12w, https:\/\/fams-project.eu\/wp-content\/uploads\/2025\/01\/In-English-original-version-1.png 1080w\" sizes=\"(max-width: 1024px) 100vw, 1024px\" \/>\t\t\t\t\t\t\t\t\t\t\t\t\t\t\t<\/div>\n\t\t\t\t<\/div>\n\t\t\t\t\t<\/div>\n\t\t<\/div>\n\t\t\t\t\t<\/div>\n\t\t<\/section>\n\t\t\t\t<section class=\"elementor-section elementor-top-section elementor-element elementor-element-2123d06 elementor-section-boxed elementor-section-height-default elementor-section-height-default\" data-id=\"2123d06\" data-element_type=\"section\" data-e-type=\"section\">\n\t\t\t\t\t\t<div class=\"elementor-container elementor-column-gap-default\">\n\t\t\t\t\t<div class=\"elementor-column elementor-col-50 elementor-top-column elementor-element elementor-element-4d0f0f5\" data-id=\"4d0f0f5\" data-element_type=\"column\" data-e-type=\"column\">\n\t\t\t<div class=\"elementor-widget-wrap elementor-element-populated\">\n\t\t\t\t\t\t<div class=\"elementor-element elementor-element-fea1693 elementor-widget elementor-widget-text-editor\" data-id=\"fea1693\" data-element_type=\"widget\" data-e-type=\"widget\" data-widget_type=\"text-editor.default\">\n\t\t\t\t<div class=\"elementor-widget-container\">\n\t\t\t\t\t\t\t\t\t<p>\ud83c\udf1f Exciting News! \ud83c\udf1f<br \/>We are proud to announce the official launch of our FAMS educational portal, your ultimate e-learning platform for mastering sports management! \ud83c\udf1f<\/p><p>Designed to empower women in sports, the FAMS e-learning platform provides:<br \/>\u2705 Engaging courses tailored to enhance your skills<br \/>\u2705 Quizzes built to help you improve bit by by<br \/>\u2705 Access to our 7 video interviews with Women Who Lead in Sports<\/p><p>Whether you\u2019re just starting out or looking to elevate your expertise, FAMS is here to support your journey in the world of sports management! \ud83c\udfc6<\/p><p>So make sure to check us out at https:\/\/www.elearning-fams.eu\/login!<\/p><p><br \/>#FAMS #WomenInSports #elearning #SportsManagement #LearnWithFAMS #AsociatiaSePoate<\/p>\t\t\t\t\t\t\t\t<\/div>\n\t\t\t\t<\/div>\n\t\t\t\t\t<\/div>\n\t\t<\/div>\n\t\t\t\t<div class=\"elementor-column elementor-col-50 elementor-top-column elementor-element elementor-element-4824306\" data-id=\"4824306\" data-element_type=\"column\" data-e-type=\"column\">\n\t\t\t<div class=\"elementor-widget-wrap elementor-element-populated\">\n\t\t\t\t\t\t<div class=\"elementor-element elementor-element-5575154 elementor-widget elementor-widget-text-editor\" data-id=\"5575154\" data-element_type=\"widget\" data-e-type=\"widget\" data-widget_type=\"text-editor.default\">\n\t\t\t\t<div class=\"elementor-widget-container\">\n\t\t\t\t\t\t\t\t\t<p>Still uncertain if you should join our FAMS e-learning platform, to know more about sports management? \ud83e\udd3e\u200d\u2640<\/p><p>Here are 5 reasons why you should:<br \/>\u2022 Accessible Learning \u2013 easy-to-follow lessons to guide you through the essentials of sports management;<br \/>\u2022 Tailored Lessons \u2013 personalised tutorials to help you learn;<br \/>\u2022 Test Your Knowledge \u2013 quizzes at the end of each module, to help you assess your progress;<br \/>\u2022 Inspiring Leadership Stories \u2013 access to inspiring stories from successful female leaders in sports;<br \/>\u2022 Certified Career Advancement \u2013 complete all the modules and earn a certification available on the platform<\/p><p>Did we convince you?<\/p><p>Enrol now on our site: https:\/\/www.elearning-fams.eu\/login! \ud83d\ude09<\/p><p>#FAMS #WomenInSports #elearning #SportsManagement #LearnWithFAMS #AsociatiaSePoate<\/p>\t\t\t\t\t\t\t\t<\/div>\n\t\t\t\t<\/div>\n\t\t\t\t\t<\/div>\n\t\t<\/div>\n\t\t\t\t\t<\/div>\n\t\t<\/section>\n\t\t\t\t<\/div>","protected":false},"excerpt":{"rendered":"<p>FAMS: Fostering FemAle Management leaders in Sport FAMS aims at balancing the under-representation of women and mothers in sport, thus pursuing the promotion of employability through sport and the encouragement of social inclusion and equal opportunities in sport. In particular, FAMS aims at fostering gender equality in sports coaching and teaching and attaining equal representation &#8230; <a title=\"Dom\" class=\"read-more\" href=\"https:\/\/fams-project.eu\/hr\/\" aria-label=\"Read more about Home\">Read more<\/a><\/p>","protected":false},"author":1,"featured_media":0,"parent":0,"menu_order":0,"comment_status":"closed","ping_status":"closed","template":"elementor_header_footer","meta":{"footnotes":""},"class_list":["post-11","page","type-page","status-publish"],"_links":{"self":[{"href":"https:\/\/fams-project.eu\/hr\/wp-json\/wp\/v2\/pages\/11","targetHints":{"allow":["GET"]}}],"collection":[{"href":"https:\/\/fams-project.eu\/hr\/wp-json\/wp\/v2\/pages"}],"about":[{"href":"https:\/\/fams-project.eu\/hr\/wp-json\/wp\/v2\/types\/page"}],"author":[{"embeddable":true,"href":"https:\/\/fams-project.eu\/hr\/wp-json\/wp\/v2\/users\/1"}],"replies":[{"embeddable":true,"href":"https:\/\/fams-project.eu\/hr\/wp-json\/wp\/v2\/comments?post=11"}],"version-history":[{"count":91,"href":"https:\/\/fams-project.eu\/hr\/wp-json\/wp\/v2\/pages\/11\/revisions"}],"predecessor-version":[{"id":463,"href":"https:\/\/fams-project.eu\/hr\/wp-json\/wp\/v2\/pages\/11\/revisions\/463"}],"wp:attachment":[{"href":"https:\/\/fams-project.eu\/hr\/wp-json\/wp\/v2\/media?parent=11"}],"curies":[{"name":"wp","href":"https:\/\/api.w.org\/{rel}","templated":true}]}}