{"id":38,"date":"2022-12-20T16:35:46","date_gmt":"2022-12-20T16:35:46","guid":{"rendered":"https:\/\/322aca2c-84ca-4a82-aa54-428e11c22756.eu02.conves.io\/?page_id=38"},"modified":"2023-02-27T19:19:46","modified_gmt":"2023-02-27T19:19:46","slug":"partners","status":"publish","type":"page","link":"https:\/\/fams-project.eu\/hr\/partners\/","title":{"rendered":"Partneri"},"content":{"rendered":"<div data-elementor-type=\"wp-page\" data-elementor-id=\"38\" class=\"elementor elementor-38\">\n\t\t\t\t\t\t<section class=\"elementor-section elementor-top-section elementor-element elementor-element-c902b9a elementor-section-stretched elementor-section-boxed elementor-section-height-default elementor-section-height-default\" data-id=\"c902b9a\" data-element_type=\"section\" data-e-type=\"section\" data-settings=\"{&quot;background_background&quot;:&quot;classic&quot;,&quot;stretch_section&quot;:&quot;section-stretched&quot;}\">\n\t\t\t\t\t\t<div class=\"elementor-container elementor-column-gap-default\">\n\t\t\t\t\t<div class=\"elementor-column elementor-col-100 elementor-top-column elementor-element elementor-element-88b3522\" data-id=\"88b3522\" data-element_type=\"column\" data-e-type=\"column\">\n\t\t\t<div class=\"elementor-widget-wrap elementor-element-populated\">\n\t\t\t\t\t\t<div class=\"elementor-element elementor-element-0fd7fc7 elementor-widget elementor-widget-heading\" data-id=\"0fd7fc7\" data-element_type=\"widget\" data-e-type=\"widget\" data-widget_type=\"heading.default\">\n\t\t\t\t<div class=\"elementor-widget-container\">\n\t\t\t\t\t<h3 class=\"elementor-heading-title elementor-size-default\">Projektni partneri<\/h3>\t\t\t\t<\/div>\n\t\t\t\t<\/div>\n\t\t\t\t\t<\/div>\n\t\t<\/div>\n\t\t\t\t\t<\/div>\n\t\t<\/section>\n\t\t\t\t<section class=\"elementor-section elementor-top-section elementor-element elementor-element-dc981ba elementor-section-stretched elementor-section-boxed elementor-section-height-default elementor-section-height-default\" data-id=\"dc981ba\" data-element_type=\"section\" data-e-type=\"section\" data-settings=\"{&quot;stretch_section&quot;:&quot;section-stretched&quot;}\">\n\t\t\t\t\t\t<div class=\"elementor-container elementor-column-gap-default\">\n\t\t\t\t\t<div class=\"elementor-column elementor-col-100 elementor-top-column elementor-element elementor-element-7f5ced3\" data-id=\"7f5ced3\" data-element_type=\"column\" data-e-type=\"column\">\n\t\t\t<div class=\"elementor-widget-wrap elementor-element-populated\">\n\t\t\t\t\t\t<div class=\"elementor-element elementor-element-bd43907 elementor-widget elementor-widget-accordion\" data-id=\"bd43907\" data-element_type=\"widget\" data-e-type=\"widget\" data-widget_type=\"accordion.default\">\n\t\t\t\t<div class=\"elementor-widget-container\">\n\t\t\t\t\t\t\t<div class=\"elementor-accordion\">\n\t\t\t\t\t\t\t<div class=\"elementor-accordion-item\">\n\t\t\t\t\t<div id=\"elementor-tab-title-1981\" class=\"elementor-tab-title\" data-tab=\"1\" role=\"button\" aria-controls=\"elementor-tab-content-1981\" aria-expanded=\"false\">\n\t\t\t\t\t\t\t\t\t\t\t\t\t<span class=\"elementor-accordion-icon elementor-accordion-icon-left\" aria-hidden=\"true\">\n\t\t\t\t\t\t\t\t\t\t\t\t\t\t\t<span class=\"elementor-accordion-icon-closed\"><i class=\"fas fa-plus\"><\/i><\/span>\n\t\t\t\t\t\t\t\t<span class=\"elementor-accordion-icon-opened\"><i class=\"fas fa-minus\"><\/i><\/span>\n\t\t\t\t\t\t\t\t\t\t\t\t\t\t<\/span>\n\t\t\t\t\t\t\t\t\t\t\t\t<a class=\"elementor-accordion-title\" tabindex=\"0\">ASOCIATIA SE POATE (Rumunjska)<\/a>\n\t\t\t\t\t<\/div>\n\t\t\t\t\t<div id=\"elementor-tab-content-1981\" class=\"elementor-tab-content elementor-clearfix\" data-tab=\"1\" role=\"region\" aria-labelledby=\"elementor-tab-title-1981\"><p><a href=\"https:\/\/asociatiasepoate.ro\/\"><img fetchpriority=\"high\" decoding=\"async\" class=\"aligncenter wp-image-47 size-medium\" src=\"https:\/\/fams-project.eu\/wp-content\/uploads\/2022\/12\/SE-POATE-logo-e1671644383259-300x188.png\" alt=\"\" width=\"300\" height=\"188\" srcset=\"https:\/\/fams-project.eu\/wp-content\/uploads\/2022\/12\/SE-POATE-logo-e1671644383259-300x188.png 300w, https:\/\/fams-project.eu\/wp-content\/uploads\/2022\/12\/SE-POATE-logo-e1671644383259.png 500w\" sizes=\"(max-width: 300px) 100vw, 300px\" \/><\/a><\/p><p>Udruga Se Poate rumunjska je omladinska nevladina organizacija osnovana 2014. s aktivnostima koje se provode kroz metode neformalnog obrazovanja u podru\u010dju aktivnog gra\u0111anstva, okoli\u0161a, sporta i promicanja demokratskih vrijednosti za mlade korisnike.\u00a0<\/p><p>Organizacija okuplja volontere, prijatelje i radnike s mladima iz razli\u010ditih dijelova zemlje sa zajedni\u010dkim interesom dijeljenja osobnog i profesionalnog iskustva u istra\u017eivanju aktivnih mladih ljudi u podru\u010dju neformalnog obrazovanja.<\/p><p>\u00a0 \u00a0 \u00a0 \u00a0 \u00a0 \u00a0 \u00a0 \u00a0 \u00a0 \u00a0 \u00a0 \u00a0 \u00a0 \u00a0 \u00a0 \u00a0 \u00a0 \u00a0 \u00a0 \u00a0 \u00a0 \u00a0 \u00a0 \u00a0 \u00a0 \u00a0 \u00a0 \u00a0 \u00a0 \u00a0<img decoding=\"async\" class=\"size-medium wp-image-204 alignnone\" src=\"https:\/\/fams-project.eu\/wp-content\/uploads\/2022\/12\/ANAMARIA-Moisa-Project-Manager-225x300.jpg\" alt=\"\" width=\"225\" height=\"300\" srcset=\"https:\/\/fams-project.eu\/wp-content\/uploads\/2022\/12\/ANAMARIA-Moisa-Project-Manager-225x300.jpg 225w, https:\/\/fams-project.eu\/wp-content\/uploads\/2022\/12\/ANAMARIA-Moisa-Project-Manager.jpg 768w\" sizes=\"(max-width: 225px) 100vw, 225px\" \/>\u00a0 \u00a0 \u00a0 \u00a0 \u00a0 <img decoding=\"async\" class=\"size-medium wp-image-205 alignnone\" src=\"https:\/\/fams-project.eu\/wp-content\/uploads\/2022\/12\/Daniel-Enachescu-President-of-Asociatia-Se-Poate-300x300.jpg\" alt=\"\" width=\"300\" height=\"300\" srcset=\"https:\/\/fams-project.eu\/wp-content\/uploads\/2022\/12\/Daniel-Enachescu-President-of-Asociatia-Se-Poate-300x300.jpg 300w, https:\/\/fams-project.eu\/wp-content\/uploads\/2022\/12\/Daniel-Enachescu-President-of-Asociatia-Se-Poate-1024x1024.jpg 1024w, https:\/\/fams-project.eu\/wp-content\/uploads\/2022\/12\/Daniel-Enachescu-President-of-Asociatia-Se-Poate-150x150.jpg 150w, https:\/\/fams-project.eu\/wp-content\/uploads\/2022\/12\/Daniel-Enachescu-President-of-Asociatia-Se-Poate-768x768.jpg 768w, https:\/\/fams-project.eu\/wp-content\/uploads\/2022\/12\/Daniel-Enachescu-President-of-Asociatia-Se-Poate.jpg 1365w\" sizes=\"(max-width: 300px) 100vw, 300px\" \/><\/p><p>\u00a0 \u00a0 \u00a0 \u00a0 \u00a0 \u00a0 \u00a0 \u00a0 \u00a0 \u00a0 \u00a0 \u00a0 \u00a0 \u00a0 \u00a0 \u00a0 \u00a0 \u00a0 \u00a0 \u00a0 \u00a0 \u00a0 \u00a0 \u00a0 \u00a0 \u00a0 \u00a0<strong>Anamaria Moisa<\/strong> \u2013 voditelj projekta\u00a0 \u00a0 \u00a0<strong>Daniel Enachescu<\/strong> \u2013 predsjednik Asocia\u021bia Se Poate<\/p><\/div>\n\t\t\t\t<\/div>\n\t\t\t\t\t\t\t<div class=\"elementor-accordion-item\">\n\t\t\t\t\t<div id=\"elementor-tab-title-1982\" class=\"elementor-tab-title\" data-tab=\"2\" role=\"button\" aria-controls=\"elementor-tab-content-1982\" aria-expanded=\"false\">\n\t\t\t\t\t\t\t\t\t\t\t\t\t<span class=\"elementor-accordion-icon elementor-accordion-icon-left\" aria-hidden=\"true\">\n\t\t\t\t\t\t\t\t\t\t\t\t\t\t\t<span class=\"elementor-accordion-icon-closed\"><i class=\"fas fa-plus\"><\/i><\/span>\n\t\t\t\t\t\t\t\t<span class=\"elementor-accordion-icon-opened\"><i class=\"fas fa-minus\"><\/i><\/span>\n\t\t\t\t\t\t\t\t\t\t\t\t\t\t<\/span>\n\t\t\t\t\t\t\t\t\t\t\t\t<a class=\"elementor-accordion-title\" tabindex=\"0\">NVO MINE VAGANTI (Italija)<\/a>\n\t\t\t\t\t<\/div>\n\t\t\t\t\t<div id=\"elementor-tab-content-1982\" class=\"elementor-tab-content elementor-clearfix\" data-tab=\"2\" role=\"region\" aria-labelledby=\"elementor-tab-title-1982\"><p><a href=\"https:\/\/minevaganti.org\/\"><img loading=\"lazy\" decoding=\"async\" class=\"aligncenter wp-image-78 size-medium\" src=\"https:\/\/fams-project.eu\/wp-content\/uploads\/2022\/12\/MVNGO-logo-300x159.png\" alt=\"\" width=\"300\" height=\"159\" srcset=\"https:\/\/fams-project.eu\/wp-content\/uploads\/2022\/12\/MVNGO-logo-300x159.png 300w, https:\/\/fams-project.eu\/wp-content\/uploads\/2022\/12\/MVNGO-logo.png 451w\" sizes=\"(max-width: 300px) 100vw, 300px\" \/><\/a><\/p><p>Mine Vaganti NGO je neprofitna organizacija osnovana na Sardiniji 2009. godine.<\/p><p>MVNGO promi\u010de interkulturalni dijalog, dru\u0161tvenu uklju\u010denost kroz sport i za\u0161titu okoli\u0161a koriste\u0107i neformalno obrazovanje.<\/p><p>MVNGO pru\u017eatelj je obrazovne obuke na lokalnoj i europskoj razini i ima konzultantsku ulogu za javna i privatna tijela u svrhu promicanja i razvoja europskih i transkontinentalnih projekata.<\/p><p>\u00a0 \u00a0 \u00a0 \u00a0 \u00a0 \u00a0 \u00a0 \u00a0 \u00a0 \u00a0 \u00a0 \u00a0 \u00a0 \u00a0 \u00a0 \u00a0 \u00a0 \u00a0 \u00a0 \u00a0 \u00a0 \u00a0 \u00a0 \u00a0 \u00a0 \u00a0 <img loading=\"lazy\" decoding=\"async\" class=\"size-medium wp-image-207 alignnone\" src=\"https:\/\/fams-project.eu\/wp-content\/uploads\/2022\/12\/Roberto-solinas-300x226.jpg\" alt=\"\" width=\"300\" height=\"226\" srcset=\"https:\/\/fams-project.eu\/wp-content\/uploads\/2022\/12\/Roberto-solinas-300x226.jpg 300w, https:\/\/fams-project.eu\/wp-content\/uploads\/2022\/12\/Roberto-solinas-1024x772.jpg 1024w, https:\/\/fams-project.eu\/wp-content\/uploads\/2022\/12\/Roberto-solinas-768x579.jpg 768w, https:\/\/fams-project.eu\/wp-content\/uploads\/2022\/12\/Roberto-solinas.jpg 1440w\" sizes=\"(max-width: 300px) 100vw, 300px\" \/>\u00a0 \u00a0 \u00a0 \u00a0 \u00a0 <img loading=\"lazy\" decoding=\"async\" class=\"alignnone size-medium wp-image-208\" src=\"https:\/\/fams-project.eu\/wp-content\/uploads\/2022\/12\/Maria-Grazia-Pirina-200x300.jpg\" alt=\"\" width=\"200\" height=\"300\" srcset=\"https:\/\/fams-project.eu\/wp-content\/uploads\/2022\/12\/Maria-Grazia-Pirina-200x300.jpg 200w, https:\/\/fams-project.eu\/wp-content\/uploads\/2022\/12\/Maria-Grazia-Pirina-683x1024.jpg 683w, https:\/\/fams-project.eu\/wp-content\/uploads\/2022\/12\/Maria-Grazia-Pirina-768x1152.jpg 768w, https:\/\/fams-project.eu\/wp-content\/uploads\/2022\/12\/Maria-Grazia-Pirina-1024x1536.jpg 1024w, https:\/\/fams-project.eu\/wp-content\/uploads\/2022\/12\/Maria-Grazia-Pirina.jpg 1365w\" sizes=\"(max-width: 200px) 100vw, 200px\" \/>\u00a0 \u00a0 \u00a0 \u00a0 \u00a0 \u00a0 \u00a0 \u00a0 \u00a0 \u00a0 \u00a0 \u00a0 \u00a0 \u00a0 \u00a0 \u00a0 \u00a0 \u00a0 \u00a0 \u00a0 \u00a0 \u00a0 \u00a0 \u00a0 \u00a0 \u00a0 \u00a0 \u00a0 \u00a0 \u00a0 \u00a0 \u00a0 \u00a0 \u00a0 \u00a0 \u00a0 \u00a0 \u00a0 \u00a0 \u00a0 \u00a0 \u00a0 \u00a0 \u00a0 \u00a0 \u00a0 \u00a0 \u00a0 \u00a0 \u00a0 \u00a0 \u00a0 \u00a0 \u00a0 \u00a0 \u00a0 \u00a0 \u00a0 \u00a0 \u00a0 \u00a0 \u00a0 \u00a0 \u00a0 \u00a0 \u00a0 \u00a0 \u00a0 \u00a0 \u00a0 \u00a0 \u00a0 \u00a0 \u00a0 \u00a0 \u00a0<strong>Roberto solinas<\/strong>\u00a0 \u00a0 \u00a0 \u00a0 \u00a0 \u00a0 \u00a0 \u00a0 \u00a0 \u00a0 \u00a0 \u00a0 \u00a0 \u00a0 \u00a0 \u00a0 \u00a0 \u00a0 <strong>Maria Grazia Pirina<\/strong><\/p><\/div>\n\t\t\t\t<\/div>\n\t\t\t\t\t\t\t<div class=\"elementor-accordion-item\">\n\t\t\t\t\t<div id=\"elementor-tab-title-1983\" class=\"elementor-tab-title\" data-tab=\"3\" role=\"button\" aria-controls=\"elementor-tab-content-1983\" aria-expanded=\"false\">\n\t\t\t\t\t\t\t\t\t\t\t\t\t<span class=\"elementor-accordion-icon elementor-accordion-icon-left\" aria-hidden=\"true\">\n\t\t\t\t\t\t\t\t\t\t\t\t\t\t\t<span class=\"elementor-accordion-icon-closed\"><i class=\"fas fa-plus\"><\/i><\/span>\n\t\t\t\t\t\t\t\t<span class=\"elementor-accordion-icon-opened\"><i class=\"fas fa-minus\"><\/i><\/span>\n\t\t\t\t\t\t\t\t\t\t\t\t\t\t<\/span>\n\t\t\t\t\t\t\t\t\t\t\t\t<a class=\"elementor-accordion-title\" tabindex=\"0\">UNIVERZITET UNION NIKOLA TESLA (Srbija)<\/a>\n\t\t\t\t\t<\/div>\n\t\t\t\t\t<div id=\"elementor-tab-content-1983\" class=\"elementor-tab-content elementor-clearfix\" data-tab=\"3\" role=\"region\" aria-labelledby=\"elementor-tab-title-1983\"><p><a href=\"https:\/\/www.unionnikolatesla.edu.rs\/\"><img loading=\"lazy\" decoding=\"async\" class=\"aligncenter wp-image-200\" src=\"https:\/\/fams-project.eu\/wp-content\/uploads\/2022\/12\/Univerzitet-Union-Nikola-Tesla-logo.jpg\" alt=\"\" width=\"174\" height=\"174\" srcset=\"https:\/\/fams-project.eu\/wp-content\/uploads\/2022\/12\/Univerzitet-Union-Nikola-Tesla-logo.jpg 294w, https:\/\/fams-project.eu\/wp-content\/uploads\/2022\/12\/Univerzitet-Union-Nikola-Tesla-logo-150x150.jpg 150w\" sizes=\"(max-width: 174px) 100vw, 174px\" \/><\/a><\/p><p>Fakultet za sport Univerziteta \u201cUnion \u2013 Nikola Tesla\u201d u Beogradu osnovan je 2012. godine kao prva visoko\u0161kolska ustanova u Srbiji \u010dije je osnovno akademsko polje sport.<\/p><p>Misija Fakulteta je ponuditi visokoobrazovane i specijalizirane sportske stru\u010dnjake sportskim organizacijama i klubovima, obrazovnim, znanstvenim, kulturnim i medijskim institucijama, kao i rastu\u0107em sportskom tr\u017ei\u0161tu u Srbiji i \u0161ire. Ovi sportski stru\u010dnjaci bit \u0107e osposobljeni dati svoj doprinos razvoju sporta ispunjavaju\u0107i njegove najvi\u0161e standarde.<\/p><p>Sveu\u010dili\u0161te Union \u2013 Nikola Tesla aktivno sudjeluje u me\u0111unarodnim projektima suradnje i partnerstva. Ima zna\u010dajnu ulogu iu nacionalnoj suradnji, te ispunjava sve funkcije i zada\u0107e u skladu sa zakonom. Sveu\u010dili\u0161te Union \u2013 Nikola Tesla otvoreno je za sve potencijalne \u010dlanice koje su akreditirane sukladno Zakonu o visokom obrazovanju.<\/p><p>\u00a0 \u00a0 \u00a0 \u00a0 \u00a0 \u00a0 \u00a0 \u00a0 \u00a0 \u00a0 \u00a0 \u00a0 \u00a0 \u00a0 \u00a0 \u00a0 \u00a0 \u00a0 \u00a0 \u00a0 \u00a0 \u00a0 \u00a0 \u00a0 \u00a0 \u00a0 \u00a0<img loading=\"lazy\" decoding=\"async\" class=\"size-medium wp-image-40 alignnone\" src=\"https:\/\/fams-project.eu\/wp-content\/uploads\/2022\/12\/pnmEU1pE-300x200.jpeg\" alt=\"\" width=\"300\" height=\"200\" srcset=\"https:\/\/fams-project.eu\/wp-content\/uploads\/2022\/12\/pnmEU1pE-300x200.jpeg 300w, https:\/\/fams-project.eu\/wp-content\/uploads\/2022\/12\/pnmEU1pE-768x512.jpeg 768w, https:\/\/fams-project.eu\/wp-content\/uploads\/2022\/12\/pnmEU1pE.jpeg 800w\" sizes=\"(max-width: 300px) 100vw, 300px\" \/>\u00a0 \u00a0 \u00a0 \u00a0 \u00a0 <img loading=\"lazy\" decoding=\"async\" class=\"size-full wp-image-41 alignnone\" src=\"https:\/\/fams-project.eu\/wp-content\/uploads\/2022\/12\/ypB5NccE.jpeg\" alt=\"\" width=\"224\" height=\"224\" srcset=\"https:\/\/fams-project.eu\/wp-content\/uploads\/2022\/12\/ypB5NccE.jpeg 224w, https:\/\/fams-project.eu\/wp-content\/uploads\/2022\/12\/ypB5NccE-150x150.jpeg 150w\" sizes=\"(max-width: 224px) 100vw, 224px\" \/><\/p><p><strong>\u00a0 \u00a0 \u00a0 \u00a0 \u00a0 \u00a0 \u00a0 \u00a0 \u00a0 \u00a0 \u00a0 \u00a0 \u00a0 \u00a0 \u00a0 \u00a0 \u00a0 \u00a0 \u00a0 \u00a0 \u00a0 \u00a0 \u00a0 \u00a0 \u00a0 \u00a0 \u00a0 \u00a0 \u00a0 \u00a0 \u00a0 \u00a0 \u00a0 \u00a0 \u00a0 \u00a0 \u00a0 \u00a0 \u00a0Ivana Par\u010dina <\/strong>\u00a0 \u00a0 \u00a0 \u00a0 \u00a0 \u00a0 \u00a0 \u00a0 \u00a0 \u00a0 \u00a0 \u00a0 \u00a0 \u00a0 \u00a0 \u00a0 \u00a0 \u00a0 \u00a0 \u00a0 \u00a0 \u00a0 <strong>Marko Begovi\u0107 <\/strong><\/p><p>\u00a0 \u00a0 \u00a0 \u00a0 \u00a0 \u00a0 \u00a0 \u00a0 \u00a0 \u00a0 \u00a0 \u00a0 \u00a0 \u00a0 \u00a0 \u00a0 \u00a0 \u00a0 \u00a0 \u00a0 \u00a0 \u00a0 \u00a0 \u00a0 \u00a0 Docent na Fakultetu za sport Docent na Fakultetu za sport\u00a0<\/p><\/div>\n\t\t\t\t<\/div>\n\t\t\t\t\t\t\t<div class=\"elementor-accordion-item\">\n\t\t\t\t\t<div id=\"elementor-tab-title-1984\" class=\"elementor-tab-title\" data-tab=\"4\" role=\"button\" aria-controls=\"elementor-tab-content-1984\" aria-expanded=\"false\">\n\t\t\t\t\t\t\t\t\t\t\t\t\t<span class=\"elementor-accordion-icon elementor-accordion-icon-left\" aria-hidden=\"true\">\n\t\t\t\t\t\t\t\t\t\t\t\t\t\t\t<span class=\"elementor-accordion-icon-closed\"><i class=\"fas fa-plus\"><\/i><\/span>\n\t\t\t\t\t\t\t\t<span class=\"elementor-accordion-icon-opened\"><i class=\"fas fa-minus\"><\/i><\/span>\n\t\t\t\t\t\t\t\t\t\t\t\t\t\t<\/span>\n\t\t\t\t\t\t\t\t\t\t\t\t<a class=\"elementor-accordion-title\" tabindex=\"0\">UNIVERSITATEA NATIONALA DE EDUCATIE FIZICA SI SPORT DIN BUCURESTI (Rumunjska)<\/a>\n\t\t\t\t\t<\/div>\n\t\t\t\t\t<div id=\"elementor-tab-content-1984\" class=\"elementor-tab-content elementor-clearfix\" data-tab=\"4\" role=\"region\" aria-labelledby=\"elementor-tab-title-1984\"><p><a href=\"https:\/\/www.unefs.ro\/\"><img loading=\"lazy\" decoding=\"async\" class=\"aligncenter wp-image-80 size-thumbnail\" src=\"https:\/\/fams-project.eu\/wp-content\/uploads\/2022\/12\/UNEFS-logo-150x150.png\" alt=\"\" width=\"150\" height=\"150\" srcset=\"https:\/\/fams-project.eu\/wp-content\/uploads\/2022\/12\/UNEFS-logo-150x150.png 150w, https:\/\/fams-project.eu\/wp-content\/uploads\/2022\/12\/UNEFS-logo-300x300.png 300w, https:\/\/fams-project.eu\/wp-content\/uploads\/2022\/12\/UNEFS-logo.png 512w\" sizes=\"(max-width: 150px) 100vw, 150px\" \/><\/a><\/p><p>NACIONALNO SVEU\u010cILI\u0160TE ZA TJELESNI ODGOJ I SPORT (UNEFS) iz Bukure\u0161ta osnovano je Zakonom o tjelesnom odgoju, objavljenom 15. lipnja 1923. godine i objavljenom u Slu\u017ebenim novinama br. 59, od 17. lipnja 1923. pod nazivom DR\u017dAVNI ZAVOD ZA TJELESNI ODGOJ (INEF). Ovaj naziv je mijenjan tijekom svog postojanja, do sada\u0161njeg, dodijeljen je izmjenama i dopunama odobrenim HG br. 749\/2009 i objavljen u Slu\u017ebenim novinama Rumunjske, I. dijelu od 12. listopada 2009.<\/p><p>U klasifikacijskom sustavu Europske unije UNEFS je definiran kao obrazovno-istra\u017eiva\u010dki institut razine \u201cA\u201d koji objedinjuje sva temeljna podru\u010dja znanstvenih spoznaja vezanih uz \u010dovjeka, obrazovanje, zdravstvo, kulturu i dru\u0161tvo. Studijski programi uskla\u0111eni su s Bolonjskim procesom. Institucija je nagra\u0111ena Erasmus sveu\u010dili\u0161nom poveljom i ima partnerstva sa sveu\u010dili\u0161tima u europskom prostoru.<\/p><\/div>\n\t\t\t\t<\/div>\n\t\t\t\t\t\t\t<div class=\"elementor-accordion-item\">\n\t\t\t\t\t<div id=\"elementor-tab-title-1985\" class=\"elementor-tab-title\" data-tab=\"5\" role=\"button\" aria-controls=\"elementor-tab-content-1985\" aria-expanded=\"false\">\n\t\t\t\t\t\t\t\t\t\t\t\t\t<span class=\"elementor-accordion-icon elementor-accordion-icon-left\" aria-hidden=\"true\">\n\t\t\t\t\t\t\t\t\t\t\t\t\t\t\t<span class=\"elementor-accordion-icon-closed\"><i class=\"fas fa-plus\"><\/i><\/span>\n\t\t\t\t\t\t\t\t<span class=\"elementor-accordion-icon-opened\"><i class=\"fas fa-minus\"><\/i><\/span>\n\t\t\t\t\t\t\t\t\t\t\t\t\t\t<\/span>\n\t\t\t\t\t\t\t\t\t\t\t\t<a class=\"elementor-accordion-title\" tabindex=\"0\">EUROPSKA PLATFORMA ZA SPORT I INOVACIJE (Belgija)<\/a>\n\t\t\t\t\t<\/div>\n\t\t\t\t\t<div id=\"elementor-tab-content-1985\" class=\"elementor-tab-content elementor-clearfix\" data-tab=\"5\" role=\"region\" aria-labelledby=\"elementor-tab-title-1985\"><p><a href=\"https:\/\/epsi.eu\/\"><img loading=\"lazy\" decoding=\"async\" class=\"aligncenter wp-image-233\" src=\"https:\/\/fams-project.eu\/wp-content\/uploads\/2023\/02\/EPSI_Logo-21-283x300.png\" alt=\"EPSI Logo\" width=\"185\" height=\"196\" srcset=\"https:\/\/fams-project.eu\/wp-content\/uploads\/2023\/02\/EPSI_Logo-21-283x300.png 283w, https:\/\/fams-project.eu\/wp-content\/uploads\/2023\/02\/EPSI_Logo-21-966x1024.png 966w, https:\/\/fams-project.eu\/wp-content\/uploads\/2023\/02\/EPSI_Logo-21-768x814.png 768w, https:\/\/fams-project.eu\/wp-content\/uploads\/2023\/02\/EPSI_Logo-21.png 1203w\" sizes=\"(max-width: 185px) 100vw, 185px\" \/><\/a><\/p><p>EPSI je neprofitna \u010dlanska organizacija u Europi sa sjedi\u0161tem u Bruxellesu koja se fokusira na inovacije u podru\u010djima sporta, tjelesne aktivnosti, zdravog na\u010dina \u017eivota, vitalnosti, okoli\u0161a i svih povezanih sektora na koje to utje\u010de. EPSI te\u017ei uvjetima koji su pogodniji za inovacije za sportski ekosustav EU-a, kako bi se potaknule tehnolo\u0161ke inovacije i uspostavile\/razvile tvrtke s fokusom na cijeli spektar inovacija.<\/p><p>EPSI se sastoji od oko 100 organizacija koje dolaze iz svih dijelova Europe. Me\u0111u \u010dlanovima EPSI-ja nalaze se udruge i federacije povezane sa sportskim sektorom, industrijama i malim i srednjim poduze\u0107ima, komunikacijskim agencijama, klasterima, istra\u017eiva\u010dkim centrima, sveu\u010dili\u0161tima i javnim tijelima.<\/p><\/div>\n\t\t\t\t<\/div>\n\t\t\t\t\t\t\t<div class=\"elementor-accordion-item\">\n\t\t\t\t\t<div id=\"elementor-tab-title-1986\" class=\"elementor-tab-title\" data-tab=\"6\" role=\"button\" aria-controls=\"elementor-tab-content-1986\" aria-expanded=\"false\">\n\t\t\t\t\t\t\t\t\t\t\t\t\t<span class=\"elementor-accordion-icon elementor-accordion-icon-left\" aria-hidden=\"true\">\n\t\t\t\t\t\t\t\t\t\t\t\t\t\t\t<span class=\"elementor-accordion-icon-closed\"><i class=\"fas fa-plus\"><\/i><\/span>\n\t\t\t\t\t\t\t\t<span class=\"elementor-accordion-icon-opened\"><i class=\"fas fa-minus\"><\/i><\/span>\n\t\t\t\t\t\t\t\t\t\t\t\t\t\t<\/span>\n\t\t\t\t\t\t\t\t\t\t\t\t<a class=\"elementor-accordion-title\" tabindex=\"0\">MUNDUS BULGARIA (Bugarska)<\/a>\n\t\t\t\t\t<\/div>\n\t\t\t\t\t<div id=\"elementor-tab-content-1986\" class=\"elementor-tab-content elementor-clearfix\" data-tab=\"6\" role=\"region\" aria-labelledby=\"elementor-tab-title-1986\"><p><a href=\"https:\/\/mundusbulgaria.com\/\"><img loading=\"lazy\" decoding=\"async\" class=\"aligncenter wp-image-77 size-thumbnail\" src=\"https:\/\/fams-project.eu\/wp-content\/uploads\/2022\/12\/MUNDUS-BULGARIA-logo-150x150.png\" alt=\"\" width=\"150\" height=\"150\" \/><\/a><\/p><p>Udruga Mundus Bugarska, osnovana 2017., nevladina je organizacija, dio me\u0111unarodne mre\u017ee Udruge Mundus sa sjedi\u0161tem u \u0160panjolskoj. Glavna misija je podr\u017eati postignu\u0107a u neformalnom obrazovanju, u svrhu \u010dega se poduzimaju zajedni\u010dke aktivnosti u razli\u010ditim sektorima Erasmus+ programa, pro\u0161iriti partnerstvo i me\u0111unarodnu suradnju s razli\u010ditim institucijama, posebice u podru\u010dju mladih. Organizacija priprema nacionalne i partnerske u me\u0111unarodnim programima socijalne i profesionalne integracije adolescenata, kao i projekte za osobe kojima je potrebna socijalna integracija.<\/p><\/div>\n\t\t\t\t<\/div>\n\t\t\t\t\t\t\t<div class=\"elementor-accordion-item\">\n\t\t\t\t\t<div id=\"elementor-tab-title-1987\" class=\"elementor-tab-title\" data-tab=\"7\" role=\"button\" aria-controls=\"elementor-tab-content-1987\" aria-expanded=\"false\">\n\t\t\t\t\t\t\t\t\t\t\t\t\t<span class=\"elementor-accordion-icon elementor-accordion-icon-left\" aria-hidden=\"true\">\n\t\t\t\t\t\t\t\t\t\t\t\t\t\t\t<span class=\"elementor-accordion-icon-closed\"><i class=\"fas fa-plus\"><\/i><\/span>\n\t\t\t\t\t\t\t\t<span class=\"elementor-accordion-icon-opened\"><i class=\"fas fa-minus\"><\/i><\/span>\n\t\t\t\t\t\t\t\t\t\t\t\t\t\t<\/span>\n\t\t\t\t\t\t\t\t\t\t\t\t<a class=\"elementor-accordion-title\" tabindex=\"0\">RIJE\u010cKI SPORTSKI SAVEZ (Hrvatska)<\/a>\n\t\t\t\t\t<\/div>\n\t\t\t\t\t<div id=\"elementor-tab-content-1987\" class=\"elementor-tab-content elementor-clearfix\" data-tab=\"7\" role=\"region\" aria-labelledby=\"elementor-tab-title-1987\"><p><a href=\"https:\/\/rss.hr\/\"><img loading=\"lazy\" decoding=\"async\" class=\"aligncenter wp-image-199\" src=\"https:\/\/fams-project.eu\/wp-content\/uploads\/2022\/12\/rss5-1-300x249.png\" alt=\"\" width=\"159\" height=\"132\" srcset=\"https:\/\/fams-project.eu\/wp-content\/uploads\/2022\/12\/rss5-1-300x249.png 300w, https:\/\/fams-project.eu\/wp-content\/uploads\/2022\/12\/rss5-1.png 363w\" sizes=\"(max-width: 159px) 100vw, 159px\" \/><\/a><\/p><p>Rije\u010dki sportski savez, udru\u017euju\u0107i sve sportske klubove Grada Rijeke, nositelj je Programa sufinanciranja javnih programa \u0161porta u Gradu Rijeci, koji se putem Odjela gradske uprave za sport i tehni\u010dku kulturu predstavlja Poglavarstvu Grada Rijeke. Grad Rijeka.<\/p><p>Prema Ustavu Republike Hrvatske, lokalna samouprava du\u017ena je poticati razvoj \u0161porta; U tu svrhu iz godi\u0161njeg prora\u010duna Grada Rijeke izdvajaju se sredstva za sufinanciranje sportskih aktivnosti, a opredjeljenje Grada u tom pogledu jasno je izra\u017eeno u Programu sufinanciranja javnih programa \u0161porta.<\/p><\/div>\n\t\t\t\t<\/div>\n\t\t\t\t\t\t\t\t<\/div>\n\t\t\t\t\t\t<\/div>\n\t\t\t\t<\/div>\n\t\t\t\t<div class=\"elementor-element elementor-element-65bcda1 elementor-widget elementor-widget-spacer\" data-id=\"65bcda1\" data-element_type=\"widget\" data-e-type=\"widget\" data-widget_type=\"spacer.default\">\n\t\t\t\t<div class=\"elementor-widget-container\">\n\t\t\t\t\t\t\t<div class=\"elementor-spacer\">\n\t\t\t<div class=\"elementor-spacer-inner\"><\/div>\n\t\t<\/div>\n\t\t\t\t\t\t<\/div>\n\t\t\t\t<\/div>\n\t\t\t\t\t<\/div>\n\t\t<\/div>\n\t\t\t\t\t<\/div>\n\t\t<\/section>\n\t\t\t\t<\/div>","protected":false},"excerpt":{"rendered":"<p>Project Partners ASOCIATIA SE POATE (Romania) Se Poate Association is a Romanian Youth NGO established in 2014 with activities implemented through non-formal education methods in the field of active citizenship, environement, sport and promoting democratic values for youth beneficiaries.\u00a0 The organization gathers volunteers, friends and youth workers from different parts of the country with a &#8230; <a title=\"Partneri\" class=\"read-more\" href=\"https:\/\/fams-project.eu\/hr\/partners\/\" aria-label=\"Read more about Partners\">Read more<\/a><\/p>","protected":false},"author":1,"featured_media":0,"parent":0,"menu_order":0,"comment_status":"closed","ping_status":"closed","template":"elementor_header_footer","meta":{"footnotes":""},"class_list":["post-38","page","type-page","status-publish"],"_links":{"self":[{"href":"https:\/\/fams-project.eu\/hr\/wp-json\/wp\/v2\/pages\/38","targetHints":{"allow":["GET"]}}],"collection":[{"href":"https:\/\/fams-project.eu\/hr\/wp-json\/wp\/v2\/pages"}],"about":[{"href":"https:\/\/fams-project.eu\/hr\/wp-json\/wp\/v2\/types\/page"}],"author":[{"embeddable":true,"href":"https:\/\/fams-project.eu\/hr\/wp-json\/wp\/v2\/users\/1"}],"replies":[{"embeddable":true,"href":"https:\/\/fams-project.eu\/hr\/wp-json\/wp\/v2\/comments?post=38"}],"version-history":[{"count":22,"href":"https:\/\/fams-project.eu\/hr\/wp-json\/wp\/v2\/pages\/38\/revisions"}],"predecessor-version":[{"id":264,"href":"https:\/\/fams-project.eu\/hr\/wp-json\/wp\/v2\/pages\/38\/revisions\/264"}],"wp:attachment":[{"href":"https:\/\/fams-project.eu\/hr\/wp-json\/wp\/v2\/media?parent=38"}],"curies":[{"name":"wp","href":"https:\/\/api.w.org\/{rel}","templated":true}]}}